{"id":3502,"date":"2024-06-25T18:04:00","date_gmt":"2024-06-25T18:04:00","guid":{"rendered":"https:\/\/mhamichiana.org\/?page_id=3502"},"modified":"2024-06-25T18:16:22","modified_gmt":"2024-06-25T18:16:22","slug":"peer-support-specialist","status":"publish","type":"page","link":"https:\/\/mhamichiana.org\/es\/peer-support-specialist\/","title":{"rendered":"Especialista en apoyo entre pares"},"content":{"rendered":"<div data-elementor-type=\"wp-page\" data-elementor-id=\"3502\" class=\"elementor elementor-3502\" data-elementor-post-type=\"page\">\n\t\t\t\t\t\t<section class=\"elementor-section elementor-top-section elementor-element elementor-element-4ee73032 elementor-section-full_width elementor-section-height-default elementor-section-height-default\" data-id=\"4ee73032\" data-element_type=\"section\" data-e-type=\"section\" data-settings=\"{&quot;background_background&quot;:&quot;classic&quot;,&quot;jet_parallax_layout_list&quot;:[]}\">\n\t\t\t\t\t\t\t<div class=\"elementor-background-overlay\"><\/div>\n\t\t\t\t\t\t\t<div class=\"elementor-container elementor-column-gap-no\">\n\t\t\t\t\t<div class=\"elementor-column elementor-col-100 elementor-top-column elementor-element elementor-element-5640536e\" data-id=\"5640536e\" data-element_type=\"column\" data-e-type=\"column\">\n\t\t\t<div class=\"elementor-widget-wrap elementor-element-populated\">\n\t\t\t\t\t\t<section class=\"elementor-section elementor-inner-section elementor-element elementor-element-7da33b6e elementor-section-height-min-height elementor-section-content-middle elementor-section-boxed elementor-section-height-default\" data-id=\"7da33b6e\" data-element_type=\"section\" data-e-type=\"section\" data-settings=\"{&quot;background_background&quot;:&quot;gradient&quot;,&quot;jet_parallax_layout_list&quot;:[]}\">\n\t\t\t\t\t\t\t<div class=\"elementor-background-overlay\"><\/div>\n\t\t\t\t\t\t\t<div class=\"elementor-container elementor-column-gap-default\">\n\t\t\t\t\t<div class=\"elementor-column elementor-col-50 elementor-inner-column elementor-element elementor-element-3320149c\" data-id=\"3320149c\" data-element_type=\"column\" data-e-type=\"column\">\n\t\t\t<div class=\"elementor-widget-wrap elementor-element-populated\">\n\t\t\t\t\t\t<div class=\"elementor-element elementor-element-7c31ac6 m-title elementor-widget elementor-widget-heading\" data-id=\"7c31ac6\" data-element_type=\"widget\" data-e-type=\"widget\" data-widget_type=\"heading.default\">\n\t\t\t\t<div class=\"elementor-widget-container\">\n\t\t\t\t\t<h1 class=\"elementor-heading-title elementor-size-default\"><span>Par<\/span> <span>Apoyo<\/span> <span>Especialista<\/span><\/h1>\t\t\t\t<\/div>\n\t\t\t\t<\/div>\n\t\t\t\t\t<\/div>\n\t\t<\/div>\n\t\t\t\t<div class=\"elementor-column elementor-col-50 elementor-inner-column elementor-element elementor-element-5810f273\" data-id=\"5810f273\" data-element_type=\"column\" data-e-type=\"column\">\n\t\t\t<div class=\"elementor-widget-wrap\">\n\t\t\t\t\t\t\t<\/div>\n\t\t<\/div>\n\t\t\t\t\t<\/div>\n\t\t<\/section>\n\t\t\t\t\t<\/div>\n\t\t<\/div>\n\t\t\t\t\t<\/div>\n\t\t<\/section>\n\t\t<div class=\"elementor-element elementor-element-5e53da2 e-flex e-con-boxed e-con e-parent\" data-id=\"5e53da2\" data-element_type=\"container\" data-e-type=\"container\" data-settings=\"{&quot;jet_parallax_layout_list&quot;:[]}\">\n\t\t\t\t\t<div class=\"e-con-inner\">\n\t\t\t\t<div class=\"elementor-element elementor-element-c9eefc0 elementor-widget elementor-widget-text-editor\" data-id=\"c9eefc0\" data-element_type=\"widget\" data-e-type=\"widget\" data-widget_type=\"text-editor.default\">\n\t\t\t\t<div class=\"elementor-widget-container\">\n\t\t\t\t\t\t\t\t\t<p>Entendemos que los miembros de la comunidad acceden a la ayuda de diversas maneras. El objetivo del Apoyo entre Pares es involucrar, apoyar y brindar esperanza a los miembros de la comunidad que hist\u00f3ricamente han sido marginados y que pueden mostrarse reacios a buscar ayuda a trav\u00e9s del sistema de salud mental. Las relaciones se cultivan sobre la base de la confianza, el respeto, la empat\u00eda y la experiencia compartida. Un Especialista en Apoyo entre Pares es una persona con experiencia personal en salud mental que puede comprender a los miembros de la comunidad que atraviesan dificultades y no est\u00e1n seguros de qu\u00e9 pasos est\u00e1n listos para dar para obtener ayuda.<\/p><h3>El especialista en apoyo entre pares ayuda con lo siguiente:<\/h3><ul><li>Soporte personalizado.<\/li><li>Trabaja en tus metas personales.<\/li><li>Desarrollar estrategias saludables para afrontar las dificultades.<\/li><li>Identificar y utilizar los recursos de la comunidad.<\/li><li>Establecer relaciones con diversos proveedores y servicios.<\/li><\/ul><h3>Elegibilidad<\/h3><p>En Michiana, cualquier persona que est\u00e9 luchando contra problemas de salud mental puede acceder a apoyo y derivaciones.<\/p><p>Se dar\u00e1 prioridad a las mujeres embarazadas y en posparto y<\/p><p>Solicitantes del Proyecto de Asesoramiento Pro Bono.<\/p><p>Cont\u00e1ctanos si tienes alguna pregunta.<\/p><p><a href=\"mailto:PeerSupport@mhamichiana.org\">PeerSupport@mhamichiana.org<\/a><\/p>\t\t\t\t\t\t\t\t<\/div>\n\t\t\t\t<\/div>\n\t\t\t\t<div class=\"elementor-element elementor-element-5394379 elementor-align-center elementor-widget elementor-widget-button\" data-id=\"5394379\" data-element_type=\"widget\" data-e-type=\"widget\" data-widget_type=\"button.default\">\n\t\t\t\t<div class=\"elementor-widget-container\">\n\t\t\t\t\t\t\t\t\t<div class=\"elementor-button-wrapper\">\n\t\t\t\t\t<a class=\"elementor-button elementor-button-link elementor-size-sm\" href=\"https:\/\/forms.mhamichiana.org\/\" target=\"_blank\">\n\t\t\t\t\t\t<span class=\"elementor-button-content-wrapper\">\n\t\t\t\t\t\t\t\t\t<span class=\"elementor-button-text\">Solicitar servicios de apoyo entre pares<\/span>\n\t\t\t\t\t<\/span>\n\t\t\t\t\t<\/a>\n\t\t\t\t<\/div>\n\t\t\t\t\t\t\t\t<\/div>\n\t\t\t\t<\/div>\n\t\t\t\t<div class=\"elementor-element elementor-element-a3312b2 elementor-widget elementor-widget-text-editor\" data-id=\"a3312b2\" data-element_type=\"widget\" data-e-type=\"widget\" data-widget_type=\"text-editor.default\">\n\t\t\t\t<div class=\"elementor-widget-container\">\n\t\t\t\t\t\t\t\t\t<p>El soporte tiene una duraci\u00f3n limitada.<\/p>\t\t\t\t\t\t\t\t<\/div>\n\t\t\t\t<\/div>\n\t\t\t\t\t<\/div>\n\t\t\t\t<\/div>\n\t\t\t\t<\/div>","protected":false},"excerpt":{"rendered":"<p>Peer Support Specialist We understand that community members access help in different ways. The goal of Peer Support is to engage, support, and give hope to community members who have been historically marginalized and may be hesitant to get help through the mental health system.\u00a0 Relationships are cultivated based on trust, respect, empathy, and mutual [&hellip;]<\/p>\n","protected":false},"author":1,"featured_media":0,"parent":0,"menu_order":0,"comment_status":"closed","ping_status":"closed","template":"elementor_header_footer","meta":{"_monsterinsights_skip_tracking":false,"_monsterinsights_sitenote_active":false,"_monsterinsights_sitenote_note":"","_monsterinsights_sitenote_category":0,"footnotes":""},"class_list":["post-3502","page","type-page","status-publish","hentry"],"yoast_head":"<!-- This site is optimized with the Yoast SEO plugin v27.4 - https:\/\/yoast.com\/product\/yoast-seo-wordpress\/ -->\n<title>Peer Support Specialist - Mental Health Awareness of Michiana<\/title>\n<meta name=\"robots\" content=\"index, follow, max-snippet:-1, max-image-preview:large, max-video-preview:-1\" \/>\n<link rel=\"canonical\" href=\"https:\/\/mhamichiana.org\/es\/peer-support-specialist\/\" \/>\n<meta property=\"og:locale\" content=\"es_MX\" \/>\n<meta property=\"og:type\" content=\"article\" \/>\n<meta property=\"og:title\" content=\"Peer Support Specialist - Mental Health Awareness of Michiana\" \/>\n<meta property=\"og:description\" content=\"Peer Support Specialist We understand that community members access help in different ways. The goal of Peer Support is to engage, support, and give hope to community members who have been historically marginalized and may be hesitant to get help through the mental health system.\u00a0 Relationships are cultivated based on trust, respect, empathy, and mutual [&hellip;]\" \/>\n<meta property=\"og:url\" content=\"https:\/\/mhamichiana.org\/es\/peer-support-specialist\/\" \/>\n<meta property=\"og:site_name\" content=\"Mental Health Awareness of Michiana\" \/>\n<meta property=\"article:modified_time\" content=\"2024-06-25T18:16:22+00:00\" \/>\n<meta property=\"og:image\" content=\"https:\/\/mhamichiana.org\/wp-content\/uploads\/2021\/01\/MHAM_OG-IMG.jpg\" \/>\n\t<meta property=\"og:image:width\" content=\"1200\" \/>\n\t<meta property=\"og:image:height\" content=\"630\" \/>\n\t<meta property=\"og:image:type\" content=\"image\/jpeg\" \/>\n<meta name=\"twitter:card\" content=\"summary_large_image\" \/>\n<meta name=\"twitter:label1\" content=\"Tiempo de lectura\" \/>\n\t<meta name=\"twitter:data1\" content=\"1 minuto\" \/>\n<script type=\"application\/ld+json\" class=\"yoast-schema-graph\">{\"@context\":\"https:\\\/\\\/schema.org\",\"@graph\":[{\"@type\":\"WebPage\",\"@id\":\"https:\\\/\\\/mhamichiana.org\\\/peer-support-specialist\\\/\",\"url\":\"https:\\\/\\\/mhamichiana.org\\\/peer-support-specialist\\\/\",\"name\":\"Peer Support Specialist - Mental Health Awareness of Michiana\",\"isPartOf\":{\"@id\":\"https:\\\/\\\/mhamichiana.org\\\/#website\"},\"datePublished\":\"2024-06-25T18:04:00+00:00\",\"dateModified\":\"2024-06-25T18:16:22+00:00\",\"breadcrumb\":{\"@id\":\"https:\\\/\\\/mhamichiana.org\\\/peer-support-specialist\\\/#breadcrumb\"},\"inLanguage\":\"es\",\"potentialAction\":[{\"@type\":\"ReadAction\",\"target\":[\"https:\\\/\\\/mhamichiana.org\\\/peer-support-specialist\\\/\"]}]},{\"@type\":\"BreadcrumbList\",\"@id\":\"https:\\\/\\\/mhamichiana.org\\\/peer-support-specialist\\\/#breadcrumb\",\"itemListElement\":[{\"@type\":\"ListItem\",\"position\":1,\"name\":\"Home\",\"item\":\"https:\\\/\\\/mhamichiana.org\\\/\"},{\"@type\":\"ListItem\",\"position\":2,\"name\":\"Peer Support Specialist\"}]},{\"@type\":\"WebSite\",\"@id\":\"https:\\\/\\\/mhamichiana.org\\\/#website\",\"url\":\"https:\\\/\\\/mhamichiana.org\\\/\",\"name\":\"Mental Health Awareness of Michiana\",\"description\":\"Eliminate Stigma, Build Collaboration, Ensure Access to Care\",\"publisher\":{\"@id\":\"https:\\\/\\\/mhamichiana.org\\\/#organization\"},\"potentialAction\":[{\"@type\":\"SearchAction\",\"target\":{\"@type\":\"EntryPoint\",\"urlTemplate\":\"https:\\\/\\\/mhamichiana.org\\\/?s={search_term_string}\"},\"query-input\":{\"@type\":\"PropertyValueSpecification\",\"valueRequired\":true,\"valueName\":\"search_term_string\"}}],\"inLanguage\":\"es\"},{\"@type\":\"Organization\",\"@id\":\"https:\\\/\\\/mhamichiana.org\\\/#organization\",\"name\":\"Mental Health Awareness of Michiana\",\"url\":\"https:\\\/\\\/mhamichiana.org\\\/\",\"logo\":{\"@type\":\"ImageObject\",\"inLanguage\":\"es\",\"@id\":\"https:\\\/\\\/mhamichiana.org\\\/#\\\/schema\\\/logo\\\/image\\\/\",\"url\":\"https:\\\/\\\/mhamichiana.org\\\/wp-content\\\/uploads\\\/2024\\\/12\\\/MHAM-MHA-White-1.png\",\"contentUrl\":\"https:\\\/\\\/mhamichiana.org\\\/wp-content\\\/uploads\\\/2024\\\/12\\\/MHAM-MHA-White-1.png\",\"width\":2560,\"height\":427,\"caption\":\"Mental Health Awareness of Michiana\"},\"image\":{\"@id\":\"https:\\\/\\\/mhamichiana.org\\\/#\\\/schema\\\/logo\\\/image\\\/\"}}]}<\/script>\n<!-- \/ Yoast SEO plugin. -->","yoast_head_json":{"title":"Especialista en apoyo entre pares - Concientizaci\u00f3n sobre la salud mental de Michiana","robots":{"index":"index","follow":"follow","max-snippet":"max-snippet:-1","max-image-preview":"max-image-preview:large","max-video-preview":"max-video-preview:-1"},"canonical":"https:\/\/mhamichiana.org\/es\/peer-support-specialist\/","og_locale":"es_MX","og_type":"article","og_title":"Peer Support Specialist - Mental Health Awareness of Michiana","og_description":"Peer Support Specialist We understand that community members access help in different ways. The goal of Peer Support is to engage, support, and give hope to community members who have been historically marginalized and may be hesitant to get help through the mental health system.\u00a0 Relationships are cultivated based on trust, respect, empathy, and mutual [&hellip;]","og_url":"https:\/\/mhamichiana.org\/es\/peer-support-specialist\/","og_site_name":"Mental Health Awareness of Michiana","article_modified_time":"2024-06-25T18:16:22+00:00","og_image":[{"width":1200,"height":630,"url":"https:\/\/mhamichiana.org\/wp-content\/uploads\/2021\/01\/MHAM_OG-IMG.jpg","type":"image\/jpeg"}],"twitter_card":"summary_large_image","twitter_misc":{"Tiempo de lectura":"1 minuto"},"schema":{"@context":"https:\/\/schema.org","@graph":[{"@type":"WebPage","@id":"https:\/\/mhamichiana.org\/peer-support-specialist\/","url":"https:\/\/mhamichiana.org\/peer-support-specialist\/","name":"Especialista en apoyo entre pares - Concientizaci\u00f3n sobre la salud mental de Michiana","isPartOf":{"@id":"https:\/\/mhamichiana.org\/#website"},"datePublished":"2024-06-25T18:04:00+00:00","dateModified":"2024-06-25T18:16:22+00:00","breadcrumb":{"@id":"https:\/\/mhamichiana.org\/peer-support-specialist\/#breadcrumb"},"inLanguage":"es","potentialAction":[{"@type":"ReadAction","target":["https:\/\/mhamichiana.org\/peer-support-specialist\/"]}]},{"@type":"BreadcrumbList","@id":"https:\/\/mhamichiana.org\/peer-support-specialist\/#breadcrumb","itemListElement":[{"@type":"ListItem","position":1,"name":"Home","item":"https:\/\/mhamichiana.org\/"},{"@type":"ListItem","position":2,"name":"Peer Support Specialist"}]},{"@type":"WebSite","@id":"https:\/\/mhamichiana.org\/#website","url":"https:\/\/mhamichiana.org\/","name":"Concientizaci\u00f3n sobre la salud mental en Michiana","description":"Eliminar el estigma, fomentar la colaboraci\u00f3n y garantizar el acceso a la atenci\u00f3n m\u00e9dica.","publisher":{"@id":"https:\/\/mhamichiana.org\/#organization"},"potentialAction":[{"@type":"SearchAction","target":{"@type":"EntryPoint","urlTemplate":"https:\/\/mhamichiana.org\/?s={search_term_string}"},"query-input":{"@type":"PropertyValueSpecification","valueRequired":true,"valueName":"search_term_string"}}],"inLanguage":"es"},{"@type":"Organization","@id":"https:\/\/mhamichiana.org\/#organization","name":"Concientizaci\u00f3n sobre la salud mental en Michiana","url":"https:\/\/mhamichiana.org\/","logo":{"@type":"ImageObject","inLanguage":"es","@id":"https:\/\/mhamichiana.org\/#\/schema\/logo\/image\/","url":"https:\/\/mhamichiana.org\/wp-content\/uploads\/2024\/12\/MHAM-MHA-White-1.png","contentUrl":"https:\/\/mhamichiana.org\/wp-content\/uploads\/2024\/12\/MHAM-MHA-White-1.png","width":2560,"height":427,"caption":"Mental Health Awareness of Michiana"},"image":{"@id":"https:\/\/mhamichiana.org\/#\/schema\/logo\/image\/"}}]}},"_links":{"self":[{"href":"https:\/\/mhamichiana.org\/es\/wp-json\/wp\/v2\/pages\/3502","targetHints":{"allow":["GET"]}}],"collection":[{"href":"https:\/\/mhamichiana.org\/es\/wp-json\/wp\/v2\/pages"}],"about":[{"href":"https:\/\/mhamichiana.org\/es\/wp-json\/wp\/v2\/types\/page"}],"author":[{"embeddable":true,"href":"https:\/\/mhamichiana.org\/es\/wp-json\/wp\/v2\/users\/1"}],"replies":[{"embeddable":true,"href":"https:\/\/mhamichiana.org\/es\/wp-json\/wp\/v2\/comments?post=3502"}],"version-history":[{"count":5,"href":"https:\/\/mhamichiana.org\/es\/wp-json\/wp\/v2\/pages\/3502\/revisions"}],"predecessor-version":[{"id":3514,"href":"https:\/\/mhamichiana.org\/es\/wp-json\/wp\/v2\/pages\/3502\/revisions\/3514"}],"wp:attachment":[{"href":"https:\/\/mhamichiana.org\/es\/wp-json\/wp\/v2\/media?parent=3502"}],"curies":[{"name":"wp","href":"https:\/\/api.w.org\/{rel}","templated":true}]}}